{"id":91,"date":"2021-06-02T16:33:20","date_gmt":"2021-06-02T14:33:20","guid":{"rendered":"https:\/\/brendanviale.fr\/Blog\/?page_id=91"},"modified":"2022-04-29T10:07:20","modified_gmt":"2022-04-29T08:07:20","slug":"blog-infographie-et-web","status":"publish","type":"page","link":"https:\/\/brendanviale.fr\/Blog\/","title":{"rendered":"Blog &#8211; Infographie et Web"},"content":{"rendered":"<div class=\"vce-row-container\" data-vce-boxed-width=\"true\"><div class=\"vce-row vce-row--col-gap-30 vce-row-equal-height vce-row-content--top\" id=\"el-52acbb19\" data-vce-do-apply=\"all el-52acbb19\"><div class=\"vce-row-content\" data-vce-element-content=\"true\"><div class=\"vce-col vce-col--md-auto vce-col--xs-1 vce-col--xs-last vce-col--xs-first vce-col--sm-last vce-col--sm-first vce-col--md-last vce-col--lg-last vce-col--xl-last vce-col--md-first vce-col--lg-first vce-col--xl-first\" id=\"el-505a7287\"><div class=\"vce-col-inner\" data-vce-do-apply=\"border margin background  el-505a7287\"><div class=\"vce-col-content\" data-vce-element-content=\"true\" data-vce-do-apply=\"padding el-505a7287\"><div class=\"vce-text-block\"><div class=\"vce-text-block-wrapper vce\" id=\"el-f2a1e637\" data-vce-do-apply=\"all el-f2a1e637\" data-vce-animate=\"vce-o-animate--zoomIn\"><h2>Blog - Infographie 2D, 3D et web<\/h2><p>Bonjour, bienvenue sur mon <strong>blog<\/strong> ! Je suis Brendan Viale, <strong>webmaster<\/strong>, <strong>webdesigner<\/strong> et <strong>infographiste 2D\/3D<\/strong>. Je vous pr\u00e9sente ici des articles destin\u00e9s aux plus <strong>curieux<\/strong> d'entre vous qui ne connaissent rien de ces domaines, aux plus <strong>exp\u00e9riment\u00e9s<\/strong> en qu\u00eate de solutions ainsi qu'aux plus <strong>confirm\u00e9s<\/strong> souhaitant comparer nos exp\u00e9riences. Qui que vous soyez, vous \u00eates le\/la bienvenu(e) pour un incroyable voyage de <strong>partage<\/strong> et de <strong>d\u00e9couverte<\/strong> sur tout ce qui me <strong>passionne<\/strong> !<\/p><\/div><\/div><div class=\"vce vce-separator-container vce-separator--align-center vce-separator--style-solid\" id=\"el-d3c6924f\" data-vce-do-apply=\"margin el-d3c6924f\"><div class=\"vce-separator vce-separator--color-bfc0c1 vce-separator--width-60 vce-separator--thickness-1\" data-vce-do-apply=\"border padding background  el-d3c6924f\" data-vce-animate=\"vce-o-animate--fadeInRightBig\"><\/div><\/div><\/div><\/div><\/div><\/div><\/div><\/div><div class=\"vce-row-container\" data-vce-boxed-width=\"true\"><div class=\"vce-row vce-row--col-gap-30 vce-row-equal-height vce-row-content--top\" id=\"el-ec97f671\" data-vce-do-apply=\"all el-ec97f671\"><div class=\"vce-row-content\" data-vce-element-content=\"true\"><div class=\"vce-col vce-col--md-auto vce-col--xs-1 vce-col--xs-last vce-col--xs-first vce-col--sm-last vce-col--sm-first vce-col--md-last vce-col--lg-last vce-col--xl-last vce-col--md-first vce-col--lg-first vce-col--xl-first\" id=\"el-387a21ac\"><div class=\"vce-col-inner\" data-vce-do-apply=\"border margin background  el-387a21ac\"><div class=\"vce-col-content\" data-vce-element-content=\"true\" data-vce-do-apply=\"padding el-387a21ac\"><section class=\"vce-feature-section-container vce-feature-section-media--xs\"><div class=\"vce vce-feature-section vce-feature-section--min-height vce-feature-section-background-color--b-225-247-255\" id=\"el-f7bd44fc\" data-vce-do-apply=\"margin background border  el-f7bd44fc\" data-vce-animate=\"vce-o-animate--bounceInUp\" data-vce-animate-delay=\"vce-o-animate-delay--.5\"><div class=\"vce-feature-section-image vce-feature-section-image--alignment-left vce-feature-section-image--background-position-center-center\" style=\"background-image: url('https:\/\/brendanviale.fr\/Blog\/wp-content\/uploads\/2021\/06\/Seigneur-des-Anneaux-Gollum-1068x601-1.jpg');\"><\/div><div class=\"vce-feature-section-content\"><div class=\"vce-feature-section-content-container\" data-vce-do-apply=\"padding el-f7bd44fc\"><div class=\"vce-feature-section-description\"><p style=\"color: black;\">Vous ne connaissez rien du monde tr\u00e8s vaste de la <strong>3D<\/strong>, mais vous \u00eates certainement curieux de le <strong>d\u00e9couvrir<\/strong>.&nbsp; Vous apprendrez ici la <strong>d\u00e9finition<\/strong>, les <strong>domaines d'application<\/strong> et, encore plus int\u00e9ressant, <strong>comment \u00e7a marche<\/strong> !<\/p><\/div><div class=\"vce-button--style-outline-container vce-button--style-outline-container--align-left\"><span class=\"vce-button--style-outline-wrapper vce vce-button--style-outline-wrapper--stretched\" id=\"el-f76a8c1f\" data-vce-do-apply=\"margin el-f76a8c1f\"><a class=\"vce-button--style-outline-animated-slidein vce-button--style-outline--border-round vce-button--style-outline--size-medium vce-button--style-outline-animated-slidein--color-b-0-197-255--fff--3d3d3d vce-button--style-outline-animated-slidein--border-color-b-0-197-255--3d3d3d vce-button--style-outline-animated-slidein--background-color-3d3d3d\" href=\"https:\/\/brendanviale.fr\/Blog\/intro3d\/\" title=\"\" data-vce-do-apply=\"padding border background  el-f76a8c1f\"><span class=\"vce-button--style-outline-text\">D\u00e9couvrir<\/span><\/a><\/span><\/div><\/div><\/div><\/div><\/section><\/div><\/div><\/div><\/div><\/div><\/div>\n","protected":false},"excerpt":{"rendered":"<p>Blog &#8211; Infographie 2D, 3D et webBonjour, bienvenue sur mon blog ! Je suis Brendan Viale, webmaster, webdesigner et infographiste 2D\/3D. Je vous pr\u00e9sente ici des articles destin\u00e9s aux plus curieux d&rsquo;entre vous qui ne connaissent rien de ces domaines, aux plus exp\u00e9riment\u00e9s en qu\u00eate de solutions ainsi qu&rsquo;aux plus confirm\u00e9s souhaitant comparer nos exp\u00e9riences. [&hellip;]<\/p>\n","protected":false},"author":1,"featured_media":0,"parent":0,"menu_order":0,"comment_status":"closed","ping_status":"closed","template":"","meta":{"_mi_skip_tracking":false,"footnotes":""},"class_list":["post-91","page","type-page","status-publish","hentry"],"_links":{"self":[{"href":"https:\/\/brendanviale.fr\/Blog\/wp-json\/wp\/v2\/pages\/91","targetHints":{"allow":["GET"]}}],"collection":[{"href":"https:\/\/brendanviale.fr\/Blog\/wp-json\/wp\/v2\/pages"}],"about":[{"href":"https:\/\/brendanviale.fr\/Blog\/wp-json\/wp\/v2\/types\/page"}],"author":[{"embeddable":true,"href":"https:\/\/brendanviale.fr\/Blog\/wp-json\/wp\/v2\/users\/1"}],"replies":[{"embeddable":true,"href":"https:\/\/brendanviale.fr\/Blog\/wp-json\/wp\/v2\/comments?post=91"}],"version-history":[{"count":17,"href":"https:\/\/brendanviale.fr\/Blog\/wp-json\/wp\/v2\/pages\/91\/revisions"}],"predecessor-version":[{"id":199,"href":"https:\/\/brendanviale.fr\/Blog\/wp-json\/wp\/v2\/pages\/91\/revisions\/199"}],"wp:attachment":[{"href":"https:\/\/brendanviale.fr\/Blog\/wp-json\/wp\/v2\/media?parent=91"}],"curies":[{"name":"wp","href":"https:\/\/api.w.org\/{rel}","templated":true}]}}